{"id":18,"date":"2026-03-26T14:20:28","date_gmt":"2026-03-26T14:20:28","guid":{"rendered":"https:\/\/faure.ecolemarseille.com\/priya\/?page_id=18"},"modified":"2026-03-26T14:20:28","modified_gmt":"2026-03-26T14:20:28","slug":"multimedia","status":"publish","type":"page","link":"https:\/\/faure.ecolemarseille.com\/priya\/?page_id=18","title":{"rendered":"Multim\u00e9dia"},"content":{"rendered":"\n<div class=\"wp-block-group alignfull is-layout-constrained wp-container-core-group-is-layout-0c9c989a wp-block-group-is-layout-constrained\" style=\"min-height:0vh;margin-top:0;margin-bottom:0;padding-top:var(--wp--preset--spacing--70);padding-right:var(--wp--preset--spacing--40);padding-bottom:var(--wp--preset--spacing--70);padding-left:var(--wp--preset--spacing--40)\">\n<div class=\"wp-block-group is-layout-constrained wp-container-core-group-is-layout-346627ba wp-block-group-is-layout-constrained\">\n<h2 class=\"wp-block-heading has-text-align-center has-xx-large-font-size\" style=\"margin-right:0;margin-left:0;padding-right:0;padding-left:0\">Racontez votre histoire<\/h2>\n\n\n\n<p class=\"has-text-align-center\">Tout comme les fleurs qui \u00e9closent dans des endroits inattendus, chaque histoire se d\u00e9ploie avec beaut\u00e9 et r\u00e9silience, r\u00e9v\u00e9lant des merveilles cach\u00e9es.<\/p>\n\n\n\n<div class=\"wp-block-buttons is-content-justification-center is-layout-flex wp-container-core-buttons-is-layout-a89b3969 wp-block-buttons-is-layout-flex\">\n<div class=\"wp-block-button\"><a class=\"wp-block-button__link wp-element-button\">En savoir plus<\/a><\/div>\n<\/div>\n<\/div>\n<\/div>\n\n\n\n<div class=\"wp-block-group alignfull is-style-section-1 is-layout-constrained wp-block-group-is-layout-constrained\" style=\"margin-top:0;margin-bottom:0;padding-top:var(--wp--preset--spacing--80);padding-bottom:var(--wp--preset--spacing--80)\">\n<div class=\"wp-block-columns alignwide is-layout-flex wp-container-core-columns-is-layout-66fad18a wp-block-columns-is-layout-flex\">\n<div class=\"wp-block-column is-layout-flow wp-block-column-is-layout-flow\" style=\"padding-right:var(--wp--preset--spacing--50);flex-basis:45%\">\n<figure class=\"wp-block-image size-full\"><img decoding=\"async\" src=\"https:\/\/faure.ecolemarseille.com\/priya\/wp-content\/themes\/twentytwentyfive\/assets\/images\/red-hibiscus-closeup.webp\" alt=\"Photographie en gros plan d\u2019une fleur rouge.\"\/><\/figure>\n\n\n\n<div class=\"wp-block-group is-layout-constrained wp-block-group-is-layout-constrained\" style=\"margin-top:-12vw\">\n<figure class=\"wp-block-image alignright size-full is-resized\" style=\"margin-right:-5vw;margin-left:-5vw\"><img decoding=\"async\" src=\"https:\/\/faure.ecolemarseille.com\/priya\/wp-content\/themes\/twentytwentyfive\/assets\/images\/grid-flower-2.webp\" alt=\"Photographie en noir et blanc en gros plan d\u2019une fleur.\" style=\"width:202px\"\/><\/figure>\n<\/div>\n<\/div>\n\n\n\n<div class=\"wp-block-column is-vertically-aligned-center is-layout-flow wp-block-column-is-layout-flow\" style=\"padding-right:0;padding-left:0;flex-basis:50%\">\n<div class=\"wp-block-group is-vertical is-layout-flex wp-container-core-group-is-layout-fe9cc265 wp-block-group-is-layout-flex\">\n<h2 class=\"wp-block-heading is-style-text-annotation\">\u00c0 propos<\/h2>\n<\/div>\n\n\n\n<p class=\"is-style-text-subtitle\">\n\t\t\t<strong>Mon Petit Bouquet<\/strong> est une entreprise de livraison de fleurs. Bas\u00e9e dans l\u2019UE, notre mission est non seulement de livrer de superbes compositions florales, mais aussi de promouvoir la connaissance et l\u2019enthousiasme autour du magnifique cadeau que sont les fleurs.\t\t\t<\/p>\n<\/div>\n<\/div>\n<\/div>\n\n\n\n<div class=\"wp-block-group alignfull is-layout-constrained wp-container-core-group-is-layout-ebee8dc1 wp-block-group-is-layout-constrained\" style=\"margin-top:0;margin-bottom:0;padding-top:var(--wp--preset--spacing--50);padding-bottom:var(--wp--preset--spacing--50)\">\n<h2 class=\"wp-block-heading alignwide\">Nos services<\/h2>\n\n\n\n<div class=\"wp-block-columns alignwide is-layout-flex wp-container-core-columns-is-layout-28f84493 wp-block-columns-is-layout-flex\">\n<div class=\"wp-block-column is-layout-flow wp-block-column-is-layout-flow\">\n<figure class=\"wp-block-image size-full\" style=\"margin-bottom:24px\"><img decoding=\"async\" src=\"https:\/\/faure.ecolemarseille.com\/priya\/wp-content\/themes\/twentytwentyfive\/assets\/images\/campanula-alliariifolia-flower.webp\" alt=\"Image pour le service\" style=\"aspect-ratio:4\/3;object-fit:cover\"\/><\/figure>\n\n\n\n<h3 class=\"wp-block-heading\">Collecter<\/h3>\n\n\n\n<p class=\"has-medium-font-size\">Comme des fleurs qui s\u2019\u00e9panouissent dans des endroits inattendus, chaque histoire se d\u00e9ploie avec beaut\u00e9 et r\u00e9silience.<\/p>\n<\/div>\n\n\n\n<div class=\"wp-block-column is-layout-flow wp-block-column-is-layout-flow\">\n<figure class=\"wp-block-image size-full\" style=\"margin-bottom:24px\"><img decoding=\"async\" src=\"https:\/\/faure.ecolemarseille.com\/priya\/wp-content\/themes\/twentytwentyfive\/assets\/images\/delphinium-flowers.webp\" alt=\"Image pour le service\" style=\"aspect-ratio:4\/3;object-fit:cover\"\/><\/figure>\n\n\n\n<h3 class=\"wp-block-heading\">Rassembler<\/h3>\n\n\n\n<p class=\"has-medium-font-size\">Comme des fleurs qui s\u2019\u00e9panouissent dans des endroits inattendus, chaque histoire se d\u00e9ploie avec beaut\u00e9 et r\u00e9silience.<\/p>\n<\/div>\n\n\n\n<div class=\"wp-block-column is-layout-flow wp-block-column-is-layout-flow\">\n<figure class=\"wp-block-image size-full\" style=\"margin-bottom:24px\"><img decoding=\"async\" src=\"https:\/\/faure.ecolemarseille.com\/priya\/wp-content\/themes\/twentytwentyfive\/assets\/images\/star-thristle-flower.webp\" alt=\"Image pour le service\" style=\"aspect-ratio:4\/3;object-fit:cover\"\/><\/figure>\n\n\n\n<h3 class=\"wp-block-heading\">Livrer<\/h3>\n\n\n\n<p class=\"has-medium-font-size\">Comme des fleurs qui s\u2019\u00e9panouissent dans des endroits inattendus, chaque histoire se d\u00e9ploie avec beaut\u00e9 et r\u00e9silience.<\/p>\n<\/div>\n<\/div>\n<\/div>\n\n\n\n<div class=\"wp-block-group alignfull is-layout-constrained wp-block-group-is-layout-constrained\" style=\"margin-top:0;margin-bottom:0;padding-top:var(--wp--preset--spacing--60);padding-bottom:var(--wp--preset--spacing--60)\">\n<div class=\"wp-block-columns alignwide is-layout-flex wp-container-core-columns-is-layout-74b2cda3 wp-block-columns-is-layout-flex\">\n<div class=\"wp-block-column is-layout-flow wp-block-column-is-layout-flow\">\n<div class=\"wp-block-group is-vertical is-content-justification-left is-layout-flex wp-container-core-group-is-layout-7ce391b6 wp-block-group-is-layout-flex\" style=\"min-height:100%\">\n<h2 class=\"wp-block-heading is-style-text-annotation has-x-small-font-size\">T\u00e9moignages<\/h2>\n\n\n\n<blockquote class=\"wp-block-quote is-style-plain has-x-large-font-size is-layout-flow wp-container-core-quote-is-layout-5dafc681 wp-block-quote-is-layout-flow\" style=\"font-style:normal;font-weight:400\">\n<div class=\"wp-block-group is-content-justification-left is-layout-constrained wp-container-core-group-is-layout-085bd3d9 wp-block-group-is-layout-constrained\" style=\"margin-top:0;margin-bottom:0;padding-top:0;padding-right:0;padding-bottom:0;padding-left:0\">\n<p class=\"has-xx-large-font-size\">\u00ab&nbsp;Produit et service client exceptionnels&nbsp;!&nbsp;\u00bb<\/p>\n<\/div>\n<cite>Jeanne Desmoulins <br><sub>Rennes, Bretagne<\/sub><\/cite><\/blockquote>\n<\/div>\n<\/div>\n\n\n\n<div class=\"wp-block-column is-layout-flow wp-block-column-is-layout-flow\" style=\"padding-top:0;padding-right:0;padding-bottom:0;padding-left:0\">\n<figure class=\"wp-block-image size-large\"><img decoding=\"async\" src=\"https:\/\/faure.ecolemarseille.com\/priya\/wp-content\/themes\/twentytwentyfive\/assets\/images\/typewriter.webp\" alt=\"Image d\u2019une personne tapant sur une machine \u00e0 \u00e9crire.\" style=\"aspect-ratio:1;object-fit:cover\"\/><\/figure>\n<\/div>\n<\/div>\n<\/div>\n\n\n\n<div class=\"wp-block-group alignfull is-layout-constrained wp-block-group-is-layout-constrained\" style=\"margin-top:0;margin-bottom:0;padding-top:var(--wp--preset--spacing--60);padding-bottom:var(--wp--preset--spacing--60)\">\n<h2 class=\"wp-block-heading alignwide has-text-align-center\">Tarifs<\/h2>\n\n\n\n<p class=\"has-text-align-center\">Annuler ou mettre en pause \u00e0 tout moment.<\/p>\n\n\n\n<div style=\"height:var(--wp--preset--spacing--40)\" aria-hidden=\"true\" class=\"wp-block-spacer\"><\/div>\n\n\n\n<div class=\"wp-block-columns alignwide is-layout-flex wp-container-core-columns-is-layout-1d9f35bd wp-block-columns-is-layout-flex\">\n<div class=\"wp-block-column has-border-color is-layout-flow wp-block-column-is-layout-flow\" style=\"border-color:var(--wp--preset--color--accent-6);border-width:1px;border-radius:10px;padding-top:var(--wp--preset--spacing--50);padding-right:var(--wp--preset--spacing--50);padding-bottom:var(--wp--preset--spacing--50);padding-left:var(--wp--preset--spacing--50)\">\n<h3 class=\"wp-block-heading\" id=\"free\">Gratuit<\/h3>\n\n\n\n<p class=\"has-large-font-size\">0&nbsp;\u20ac<\/p>\n\n\n\n<ul style=\"padding-bottom:var(--wp--preset--spacing--20);padding-left:var(--wp--preset--spacing--20)\" class=\"wp-block-list is-style-checkmark-list has-small-font-size\">\n<li>Obtenez l\u2019acc\u00e8s \u00e0 nos articles payants et \u00e0 notre newsletter hebdomadaire.<\/li>\n\n\n\n<li>Rejoignez nos \u00e9v\u00e8nements en pr\u00e9sentiel.<\/li>\n\n\n\n<li>Recevez un tote bag gratuit.<\/li>\n\n\n\n<li>Un ajout \u00e9l\u00e9gant \u00e0 la collection de d\u00e9coration int\u00e9rieure.<\/li>\n\n\n\n<li>Rejoignez nos forums.<\/li>\n<\/ul>\n\n\n\n<div class=\"wp-block-buttons is-content-justification-center is-layout-flex wp-container-core-buttons-is-layout-a89b3969 wp-block-buttons-is-layout-flex\">\n<div class=\"wp-block-button has-custom-width wp-block-button__width-100\"><a class=\"wp-block-button__link wp-element-button\">Rejoindre<\/a><\/div>\n<\/div>\n<\/div>\n\n\n\n<div class=\"wp-block-column has-border-color is-layout-flow wp-block-column-is-layout-flow\" style=\"border-color:var(--wp--preset--color--accent-6);border-width:1px;border-radius:10px;padding-top:var(--wp--preset--spacing--50);padding-right:var(--wp--preset--spacing--50);padding-bottom:var(--wp--preset--spacing--50);padding-left:var(--wp--preset--spacing--50)\">\n<h3 class=\"wp-block-heading\" id=\"single\">Simple<\/h3>\n\n\n\n<p class=\"has-large-font-size\">20&nbsp;\u20ac\/mois<\/p>\n\n\n\n<ul style=\"padding-bottom:var(--wp--preset--spacing--20);padding-left:var(--wp--preset--spacing--20)\" class=\"wp-block-list is-style-checkmark-list has-small-font-size\">\n<li>Obtenez l\u2019acc\u00e8s \u00e0 nos articles payants et \u00e0 notre newsletter hebdomadaire.<\/li>\n\n\n\n<li>Rejoignez nos \u00e9v\u00e8nements en pr\u00e9sentiel.<\/li>\n\n\n\n<li>Recevez un tote bag gratuit.<\/li>\n\n\n\n<li>Un ajout \u00e9l\u00e9gant \u00e0 la collection de d\u00e9coration int\u00e9rieure.<\/li>\n\n\n\n<li>Rejoignez nos forums.<\/li>\n<\/ul>\n\n\n\n<div class=\"wp-block-buttons is-content-justification-center is-layout-flex wp-container-core-buttons-is-layout-a89b3969 wp-block-buttons-is-layout-flex\">\n<div class=\"wp-block-button has-custom-width wp-block-button__width-100\"><a class=\"wp-block-button__link wp-element-button\">Rejoindre<\/a><\/div>\n<\/div>\n<\/div>\n<\/div>\n<\/div>\n\n\n\n<aside class=\"wp-block-group alignfull is-style-section-3 is-layout-constrained wp-container-core-group-is-layout-f0f2a97b wp-block-group-is-layout-constrained\" style=\"margin-top:0;margin-bottom:0;padding-top:var(--wp--preset--spacing--50);padding-right:var(--wp--preset--spacing--50);padding-bottom:var(--wp--preset--spacing--50);padding-left:var(--wp--preset--spacing--50)\">\n<div class=\"wp-block-group is-vertical is-content-justification-center is-layout-flex wp-container-core-group-is-layout-8778ca4a wp-block-group-is-layout-flex\" style=\"min-height:360px;margin-top:0;margin-bottom:0\">\n<h2 class=\"wp-block-heading has-text-align-center has-xx-large-font-size\">Inscrivez-vous pour recevoir des histoires quotidiennes<\/h2>\n\n\n\n<p class=\"has-text-align-center is-style-text-subtitle\">Acc\u00e9dez \u00e0 une collection soigneusement s\u00e9lectionn\u00e9e de moments dans le temps, avec des photographies d\u2019int\u00e9ret historique.<\/p>\n\n\n\n<div style=\"height:0px\" aria-hidden=\"true\" class=\"wp-block-spacer wp-container-content-62aae154\"><\/div>\n\n\n\n<div class=\"wp-block-buttons is-content-justification-center is-layout-flex wp-container-core-buttons-is-layout-a89b3969 wp-block-buttons-is-layout-flex\">\n<div class=\"wp-block-button\"><a class=\"wp-block-button__link has-text-align-center wp-element-button\">S\u2019abonner<\/a><\/div>\n<\/div>\n<\/div>\n<\/aside>\n","protected":false},"excerpt":{"rendered":"<p>Racontez votre histoire Tout comme les fleurs qui \u00e9closent dans des endroits inattendus, chaque histoire se d\u00e9ploie avec beaut\u00e9 et r\u00e9silience, r\u00e9v\u00e9lant des merveilles cach\u00e9es. \u00c0 propos Mon Petit Bouquet est une entreprise de livraison de fleurs. Bas\u00e9e dans l\u2019UE, notre mission est non seulement de livrer de superbes compositions florales, mais aussi de promouvoir<\/p>\n","protected":false},"author":1,"featured_media":0,"parent":0,"menu_order":0,"comment_status":"closed","ping_status":"closed","template":"","meta":{"footnotes":""},"class_list":["post-18","page","type-page","status-publish","hentry"],"yoast_head":"<!-- This site is optimized with the Yoast SEO plugin v26.5 - https:\/\/yoast.com\/wordpress\/plugins\/seo\/ -->\n<title>Multim\u00e9dia - Actu Mag<\/title>\n<meta name=\"robots\" content=\"index, follow, max-snippet:-1, max-image-preview:large, max-video-preview:-1\" \/>\n<link rel=\"canonical\" href=\"https:\/\/faure.ecolemarseille.com\/priya\/?page_id=18\" \/>\n<meta property=\"og:locale\" content=\"fr_FR\" \/>\n<meta property=\"og:type\" content=\"article\" \/>\n<meta property=\"og:title\" content=\"Multim\u00e9dia - Actu Mag\" \/>\n<meta property=\"og:description\" content=\"Racontez votre histoire Tout comme les fleurs qui \u00e9closent dans des endroits inattendus, chaque histoire se d\u00e9ploie avec beaut\u00e9 et r\u00e9silience, r\u00e9v\u00e9lant des merveilles cach\u00e9es. \u00c0 propos Mon Petit Bouquet est une entreprise de livraison de fleurs. Bas\u00e9e dans l\u2019UE, notre mission est non seulement de livrer de superbes compositions florales, mais aussi de promouvoir\" \/>\n<meta property=\"og:url\" content=\"https:\/\/faure.ecolemarseille.com\/priya\/?page_id=18\" \/>\n<meta property=\"og:site_name\" content=\"Actu Mag\" \/>\n<meta property=\"og:image\" content=\"https:\/\/faure.ecolemarseille.com\/priya\/wp-content\/themes\/twentytwentyfive\/assets\/images\/red-hibiscus-closeup.webp\" \/>\n<meta name=\"twitter:card\" content=\"summary_large_image\" \/>\n<meta name=\"twitter:label1\" content=\"Dur\u00e9e de lecture estim\u00e9e\" \/>\n\t<meta name=\"twitter:data1\" content=\"3 minutes\" \/>\n<script type=\"application\/ld+json\" class=\"yoast-schema-graph\">{\"@context\":\"https:\/\/schema.org\",\"@graph\":[{\"@type\":\"WebPage\",\"@id\":\"https:\/\/faure.ecolemarseille.com\/priya\/?page_id=18\",\"url\":\"https:\/\/faure.ecolemarseille.com\/priya\/?page_id=18\",\"name\":\"Multim\u00e9dia - Actu Mag\",\"isPartOf\":{\"@id\":\"https:\/\/faure.ecolemarseille.com\/priya\/#website\"},\"primaryImageOfPage\":{\"@id\":\"https:\/\/faure.ecolemarseille.com\/priya\/?page_id=18#primaryimage\"},\"image\":{\"@id\":\"https:\/\/faure.ecolemarseille.com\/priya\/?page_id=18#primaryimage\"},\"thumbnailUrl\":\"https:\/\/faure.ecolemarseille.com\/priya\/wp-content\/themes\/twentytwentyfive\/assets\/images\/red-hibiscus-closeup.webp\",\"datePublished\":\"2026-03-26T14:20:28+00:00\",\"breadcrumb\":{\"@id\":\"https:\/\/faure.ecolemarseille.com\/priya\/?page_id=18#breadcrumb\"},\"inLanguage\":\"fr-FR\",\"potentialAction\":[{\"@type\":\"ReadAction\",\"target\":[\"https:\/\/faure.ecolemarseille.com\/priya\/?page_id=18\"]}]},{\"@type\":\"ImageObject\",\"inLanguage\":\"fr-FR\",\"@id\":\"https:\/\/faure.ecolemarseille.com\/priya\/?page_id=18#primaryimage\",\"url\":\"https:\/\/faure.ecolemarseille.com\/priya\/wp-content\/themes\/twentytwentyfive\/assets\/images\/red-hibiscus-closeup.webp\",\"contentUrl\":\"https:\/\/faure.ecolemarseille.com\/priya\/wp-content\/themes\/twentytwentyfive\/assets\/images\/red-hibiscus-closeup.webp\"},{\"@type\":\"BreadcrumbList\",\"@id\":\"https:\/\/faure.ecolemarseille.com\/priya\/?page_id=18#breadcrumb\",\"itemListElement\":[{\"@type\":\"ListItem\",\"position\":1,\"name\":\"Accueil\",\"item\":\"https:\/\/faure.ecolemarseille.com\/priya\"},{\"@type\":\"ListItem\",\"position\":2,\"name\":\"Multim\u00e9dia\"}]},{\"@type\":\"WebSite\",\"@id\":\"https:\/\/faure.ecolemarseille.com\/priya\/#website\",\"url\":\"https:\/\/faure.ecolemarseille.com\/priya\/\",\"name\":\"Actu Mag\",\"description\":\"\",\"potentialAction\":[{\"@type\":\"SearchAction\",\"target\":{\"@type\":\"EntryPoint\",\"urlTemplate\":\"https:\/\/faure.ecolemarseille.com\/priya\/?s={search_term_string}\"},\"query-input\":{\"@type\":\"PropertyValueSpecification\",\"valueRequired\":true,\"valueName\":\"search_term_string\"}}],\"inLanguage\":\"fr-FR\"}]}<\/script>\n<!-- \/ Yoast SEO plugin. -->","yoast_head_json":{"title":"Multim\u00e9dia - Actu Mag","robots":{"index":"index","follow":"follow","max-snippet":"max-snippet:-1","max-image-preview":"max-image-preview:large","max-video-preview":"max-video-preview:-1"},"canonical":"https:\/\/faure.ecolemarseille.com\/priya\/?page_id=18","og_locale":"fr_FR","og_type":"article","og_title":"Multim\u00e9dia - Actu Mag","og_description":"Racontez votre histoire Tout comme les fleurs qui \u00e9closent dans des endroits inattendus, chaque histoire se d\u00e9ploie avec beaut\u00e9 et r\u00e9silience, r\u00e9v\u00e9lant des merveilles cach\u00e9es. \u00c0 propos Mon Petit Bouquet est une entreprise de livraison de fleurs. Bas\u00e9e dans l\u2019UE, notre mission est non seulement de livrer de superbes compositions florales, mais aussi de promouvoir","og_url":"https:\/\/faure.ecolemarseille.com\/priya\/?page_id=18","og_site_name":"Actu Mag","og_image":[{"url":"https:\/\/faure.ecolemarseille.com\/priya\/wp-content\/themes\/twentytwentyfive\/assets\/images\/red-hibiscus-closeup.webp","type":"","width":"","height":""}],"twitter_card":"summary_large_image","twitter_misc":{"Dur\u00e9e de lecture estim\u00e9e":"3 minutes"},"schema":{"@context":"https:\/\/schema.org","@graph":[{"@type":"WebPage","@id":"https:\/\/faure.ecolemarseille.com\/priya\/?page_id=18","url":"https:\/\/faure.ecolemarseille.com\/priya\/?page_id=18","name":"Multim\u00e9dia - Actu Mag","isPartOf":{"@id":"https:\/\/faure.ecolemarseille.com\/priya\/#website"},"primaryImageOfPage":{"@id":"https:\/\/faure.ecolemarseille.com\/priya\/?page_id=18#primaryimage"},"image":{"@id":"https:\/\/faure.ecolemarseille.com\/priya\/?page_id=18#primaryimage"},"thumbnailUrl":"https:\/\/faure.ecolemarseille.com\/priya\/wp-content\/themes\/twentytwentyfive\/assets\/images\/red-hibiscus-closeup.webp","datePublished":"2026-03-26T14:20:28+00:00","breadcrumb":{"@id":"https:\/\/faure.ecolemarseille.com\/priya\/?page_id=18#breadcrumb"},"inLanguage":"fr-FR","potentialAction":[{"@type":"ReadAction","target":["https:\/\/faure.ecolemarseille.com\/priya\/?page_id=18"]}]},{"@type":"ImageObject","inLanguage":"fr-FR","@id":"https:\/\/faure.ecolemarseille.com\/priya\/?page_id=18#primaryimage","url":"https:\/\/faure.ecolemarseille.com\/priya\/wp-content\/themes\/twentytwentyfive\/assets\/images\/red-hibiscus-closeup.webp","contentUrl":"https:\/\/faure.ecolemarseille.com\/priya\/wp-content\/themes\/twentytwentyfive\/assets\/images\/red-hibiscus-closeup.webp"},{"@type":"BreadcrumbList","@id":"https:\/\/faure.ecolemarseille.com\/priya\/?page_id=18#breadcrumb","itemListElement":[{"@type":"ListItem","position":1,"name":"Accueil","item":"https:\/\/faure.ecolemarseille.com\/priya"},{"@type":"ListItem","position":2,"name":"Multim\u00e9dia"}]},{"@type":"WebSite","@id":"https:\/\/faure.ecolemarseille.com\/priya\/#website","url":"https:\/\/faure.ecolemarseille.com\/priya\/","name":"Actu Mag","description":"","potentialAction":[{"@type":"SearchAction","target":{"@type":"EntryPoint","urlTemplate":"https:\/\/faure.ecolemarseille.com\/priya\/?s={search_term_string}"},"query-input":{"@type":"PropertyValueSpecification","valueRequired":true,"valueName":"search_term_string"}}],"inLanguage":"fr-FR"}]}},"_links":{"self":[{"href":"https:\/\/faure.ecolemarseille.com\/priya\/index.php?rest_route=\/wp\/v2\/pages\/18","targetHints":{"allow":["GET"]}}],"collection":[{"href":"https:\/\/faure.ecolemarseille.com\/priya\/index.php?rest_route=\/wp\/v2\/pages"}],"about":[{"href":"https:\/\/faure.ecolemarseille.com\/priya\/index.php?rest_route=\/wp\/v2\/types\/page"}],"author":[{"embeddable":true,"href":"https:\/\/faure.ecolemarseille.com\/priya\/index.php?rest_route=\/wp\/v2\/users\/1"}],"replies":[{"embeddable":true,"href":"https:\/\/faure.ecolemarseille.com\/priya\/index.php?rest_route=%2Fwp%2Fv2%2Fcomments&post=18"}],"version-history":[{"count":1,"href":"https:\/\/faure.ecolemarseille.com\/priya\/index.php?rest_route=\/wp\/v2\/pages\/18\/revisions"}],"predecessor-version":[{"id":19,"href":"https:\/\/faure.ecolemarseille.com\/priya\/index.php?rest_route=\/wp\/v2\/pages\/18\/revisions\/19"}],"wp:attachment":[{"href":"https:\/\/faure.ecolemarseille.com\/priya\/index.php?rest_route=%2Fwp%2Fv2%2Fmedia&parent=18"}],"curies":[{"name":"wp","href":"https:\/\/api.w.org\/{rel}","templated":true}]}}